{"id":629,"date":"2024-06-13T23:08:30","date_gmt":"2024-06-13T20:08:30","guid":{"rendered":"https:\/\/yufkawelt.de\/?post_type=product&#038;p=629"},"modified":"2024-06-27T20:38:18","modified_gmt":"2024-06-27T17:38:18","slug":"ucgen-yufka","status":"publish","type":"product","link":"https:\/\/yufkawelt.de\/tr\/urun\/ucgen-yufka\/","title":{"rendered":"\u00dc\u00e7gen yufka"},"content":{"rendered":"<p><strong>Produktbeschreibung<\/strong><\/p>\n<p>&#8211; <strong>D\u00fcnn und leicht zu \u00f6ffnen<\/strong>: Unsere Teigbl\u00e4tter sind so d\u00fcnn wie handgemachte Teigbl\u00e4tter und lassen sich daher leicht \u00f6ffnen. So k\u00f6nnen Sie Ihre Sigara B\u00f6rek einfach und sorgf\u00e4ltig zubereiten.<br \/>\n&#8211; <strong>Knuspriger Geschmack<\/strong>: Unsere Teigbl\u00e4tter werden speziell zubereitet, um einen knusprigen Geschmack zu erzielen. So bleiben Ihre Sigara B\u00f6rek auch nach dem Backen lange frisch.<br \/>\n&#8211; <strong>Perfekt f\u00fcr leckere F\u00fcllungen<\/strong>: Unsere Teigbl\u00e4tter eignen sich f\u00fcr verschiedene F\u00fcllungen wie K\u00e4se, Hackfleisch, Spinat und mehr. Sie behalten den Geschmack der F\u00fcllung und verleihen Ihren Sigara B\u00f6rek einen einzigartigen Geschmack.<br \/>\n&#8211; <strong>Praktisch und zeitsparend<\/strong>: Mit unseren fertigen Teigbl\u00e4ttern wird die Zubereitung Ihrer Sigara B\u00f6rek viel praktischer und einfacher. Sie sparen Zeit und k\u00f6nnen leckere Sigara B\u00f6rek zubereiten.<br \/>\n&#8211; <strong>Verschiedene Verpackungsoptionen<\/strong>:\u00a0 Sie k\u00f6nnen unsere Teigbl\u00e4tter in Einzel- oder Mehrfachpackungen je nach Ihrem Bedarf kaufen.<\/p>\n<p>Mit unseren Sigara B\u00f6rek Teigbl\u00e4ttern k\u00f6nnen Sie zu Hause einfach und lecker Sigara B\u00f6rek zubereiten und sch\u00f6ne Mahlzeiten mit Ihrer Familie und Ihren Lieben genie\u00dfen.<\/p>\n<p><strong>Bestellen Sie jetzt und genie\u00dfen Sie knusprige Sigara B\u00f6rek!<\/strong><\/p>\n<p>&nbsp;<\/p>","protected":false},"excerpt":{"rendered":"<h2 class=\"\" data-sourcepos=\"1:1-1:55\">Perfekte dreieckige Yufkas f\u00fcr knusprige Zigarettenkrapfen!<\/h2>\n<p>Eine der wichtigsten Zutaten f\u00fcr die Zubereitung von leckeren Sigara-B\u00f6rek ist zweifellos Yufka. Auf unserer Website finden Sie speziell f\u00fcr Sigara-B\u00f6rek hergestellte, besonders d\u00fcnne und schmackhafte Yufka.<\/p>\n<ul>\n<li>In 1000-Gramm-Packungen sind 24 St\u00fcck Yufka enthalten.<\/li>\n<li>In einer 500-g-Packung befinden sich 12 St\u00fcck Yufka.<\/li>\n<\/ul>","protected":false},"featured_media":679,"comment_status":"open","ping_status":"closed","template":"","meta":{"_eb_attr":"","site-sidebar-layout":"default","site-content-layout":"","ast-site-content-layout":"default","site-content-style":"default","site-sidebar-style":"default","ast-global-header-display":"","ast-banner-title-visibility":"","ast-main-header-display":"","ast-hfb-above-header-display":"","ast-hfb-below-header-display":"","ast-hfb-mobile-header-display":"","site-post-title":"","ast-breadcrumbs-content":"","ast-featured-img":"","footer-sml-layout":"","ast-disable-related-posts":"","theme-transparent-header-meta":"default","adv-header-id-meta":"","stick-header-meta":"","header-above-stick-meta":"","header-main-stick-meta":"","header-below-stick-meta":"","astra-migrate-meta-layouts":"set","ast-page-background-enabled":"default","ast-page-background-meta":{"desktop":{"background-color":"var(--ast-global-color-4)","background-image":"","background-repeat":"repeat","background-position":"center center","background-size":"auto","background-attachment":"scroll","background-type":"","background-media":"","overlay-type":"","overlay-color":"","overlay-opacity":"","overlay-gradient":""},"tablet":{"background-color":"","background-image":"","background-repeat":"repeat","background-position":"center center","background-size":"auto","background-attachment":"scroll","background-type":"","background-media":"","overlay-type":"","overlay-color":"","overlay-opacity":"","overlay-gradient":""},"mobile":{"background-color":"","background-image":"","background-repeat":"repeat","background-position":"center center","background-size":"auto","background-attachment":"scroll","background-type":"","background-media":"","overlay-type":"","overlay-color":"","overlay-opacity":"","overlay-gradient":""}},"ast-content-background-meta":{"desktop":{"background-color":"var(--ast-global-color-5)","background-image":"","background-repeat":"repeat","background-position":"center center","background-size":"auto","background-attachment":"scroll","background-type":"","background-media":"","overlay-type":"","overlay-color":"","overlay-opacity":"","overlay-gradient":""},"tablet":{"background-color":"var(--ast-global-color-5)","background-image":"","background-repeat":"repeat","background-position":"center center","background-size":"auto","background-attachment":"scroll","background-type":"","background-media":"","overlay-type":"","overlay-color":"","overlay-opacity":"","overlay-gradient":""},"mobile":{"background-color":"var(--ast-global-color-5)","background-image":"","background-repeat":"repeat","background-position":"center center","background-size":"auto","background-attachment":"scroll","background-type":"","background-media":"","overlay-type":"","overlay-color":"","overlay-opacity":"","overlay-gradient":""}},"_joinchat":[]},"product_brand":[],"product_cat":[30],"product_tag":[],"class_list":{"0":"post-629","1":"product","2":"type-product","3":"status-publish","4":"has-post-thumbnail","6":"product_cat-yufka","7":"desktop-align-left","8":"tablet-align-left","9":"mobile-align-left","11":"first","12":"instock","13":"taxable","14":"shipping-taxable","15":"purchasable","16":"product-type-variable"},"jetpack_sharing_enabled":true,"_links":{"self":[{"href":"https:\/\/yufkawelt.de\/tr\/wp-json\/wp\/v2\/product\/629","targetHints":{"allow":["GET"]}}],"collection":[{"href":"https:\/\/yufkawelt.de\/tr\/wp-json\/wp\/v2\/product"}],"about":[{"href":"https:\/\/yufkawelt.de\/tr\/wp-json\/wp\/v2\/types\/product"}],"replies":[{"embeddable":true,"href":"https:\/\/yufkawelt.de\/tr\/wp-json\/wp\/v2\/comments?post=629"}],"wp:featuredmedia":[{"embeddable":true,"href":"https:\/\/yufkawelt.de\/tr\/wp-json\/wp\/v2\/media\/679"}],"wp:attachment":[{"href":"https:\/\/yufkawelt.de\/tr\/wp-json\/wp\/v2\/media?parent=629"}],"wp:term":[{"taxonomy":"product_brand","embeddable":true,"href":"https:\/\/yufkawelt.de\/tr\/wp-json\/wp\/v2\/product_brand?post=629"},{"taxonomy":"product_cat","embeddable":true,"href":"https:\/\/yufkawelt.de\/tr\/wp-json\/wp\/v2\/product_cat?post=629"},{"taxonomy":"product_tag","embeddable":true,"href":"https:\/\/yufkawelt.de\/tr\/wp-json\/wp\/v2\/product_tag?post=629"}],"curies":[{"name":"wp","href":"https:\/\/api.w.org\/{rel}","templated":true}]}}