{"id":483,"date":"2024-05-09T16:28:56","date_gmt":"2024-05-09T13:28:56","guid":{"rendered":"https:\/\/yufkawelt.de\/?post_type=product&#038;p=483"},"modified":"2024-06-26T14:22:13","modified_gmt":"2024-06-26T11:22:13","slug":"gozleme-peynirli-ispanakli-patatesli","status":"publish","type":"product","link":"https:\/\/yufkawelt.de\/tr\/urun\/gozleme-peynirli-ispanakli-patatesli\/","title":{"rendered":"\"Peynirli - \u0131spanakl\u0131 - patatesli g\u00f6zleme\""},"content":{"rendered":"<p><strong>Inhalt<\/strong><br \/>\n-Spinat, K\u00e4se, Zwiebel, Sonnenblumen\u00f6l, schwarzer Pfeffer, Paprika, Salz<br \/>\n-Kartoffeln, Zwiebeln, Sonnenblumen\u00f6l, schwarzer Pfeffer, Paprika, Salz<br \/>\n-Feta-K\u00e4se, Kashar-K\u00e4se, Sonnenblumen\u00f6l, Salz<\/p>","protected":false},"excerpt":{"rendered":"<h2><strong>&#8222;Warme und leckere G\u00f6zleme mit Spinat, Kartoffeln oder K\u00e4se<\/strong><\/h2>\n<p>&#8222;Wir machen k\u00f6stliche G\u00f6zleme zwischen frischem und d\u00fcnnem Yufka-Teig. Unsere G\u00f6zleme werden gro\u00dfz\u00fcgig mit Spinat, Kartoffeln oder K\u00e4se zubereitet. Sie m\u00fcssen sie nur in der Pfanne oder im Ofen backen und anschlie\u00dfend mit etwas frischer Petersilie bestreuen. So einfach ist die Zubereitung! Guten Appetit!&#8220;<\/p>\n<p>Eigenschaften<\/p>\n<ul>\n<li>Es wird mit rein nat\u00fcrlichen Produkten hergestellt.<\/li>\n<li>Es werden reine Rohstoffe verwendet.<\/li>\n<\/ul>","protected":false},"featured_media":689,"comment_status":"open","ping_status":"closed","template":"","meta":{"_eb_attr":"","site-sidebar-layout":"default","site-content-layout":"","ast-site-content-layout":"default","site-content-style":"default","site-sidebar-style":"default","ast-global-header-display":"","ast-banner-title-visibility":"","ast-main-header-display":"","ast-hfb-above-header-display":"","ast-hfb-below-header-display":"","ast-hfb-mobile-header-display":"","site-post-title":"","ast-breadcrumbs-content":"","ast-featured-img":"","footer-sml-layout":"","ast-disable-related-posts":"","theme-transparent-header-meta":"default","adv-header-id-meta":"","stick-header-meta":"","header-above-stick-meta":"","header-main-stick-meta":"","header-below-stick-meta":"","astra-migrate-meta-layouts":"set","ast-page-background-enabled":"default","ast-page-background-meta":{"desktop":{"background-color":"var(--ast-global-color-4)","background-image":"","background-repeat":"repeat","background-position":"center center","background-size":"auto","background-attachment":"scroll","background-type":"","background-media":"","overlay-type":"","overlay-color":"","overlay-opacity":"","overlay-gradient":""},"tablet":{"background-color":"","background-image":"","background-repeat":"repeat","background-position":"center center","background-size":"auto","background-attachment":"scroll","background-type":"","background-media":"","overlay-type":"","overlay-color":"","overlay-opacity":"","overlay-gradient":""},"mobile":{"background-color":"","background-image":"","background-repeat":"repeat","background-position":"center center","background-size":"auto","background-attachment":"scroll","background-type":"","background-media":"","overlay-type":"","overlay-color":"","overlay-opacity":"","overlay-gradient":""}},"ast-content-background-meta":{"desktop":{"background-color":"var(--ast-global-color-5)","background-image":"","background-repeat":"repeat","background-position":"center center","background-size":"auto","background-attachment":"scroll","background-type":"","background-media":"","overlay-type":"","overlay-color":"","overlay-opacity":"","overlay-gradient":""},"tablet":{"background-color":"var(--ast-global-color-5)","background-image":"","background-repeat":"repeat","background-position":"center center","background-size":"auto","background-attachment":"scroll","background-type":"","background-media":"","overlay-type":"","overlay-color":"","overlay-opacity":"","overlay-gradient":""},"mobile":{"background-color":"var(--ast-global-color-5)","background-image":"","background-repeat":"repeat","background-position":"center center","background-size":"auto","background-attachment":"scroll","background-type":"","background-media":"","overlay-type":"","overlay-color":"","overlay-opacity":"","overlay-gradient":""}},"_joinchat":[]},"product_brand":[],"product_cat":[32],"product_tag":[],"class_list":{"0":"post-483","1":"product","2":"type-product","3":"status-publish","4":"has-post-thumbnail","6":"product_cat-gozleme","7":"desktop-align-left","8":"tablet-align-left","9":"mobile-align-left","11":"first","12":"instock","13":"taxable","14":"shipping-taxable","15":"purchasable","16":"product-type-variable"},"jetpack_sharing_enabled":true,"_links":{"self":[{"href":"https:\/\/yufkawelt.de\/tr\/wp-json\/wp\/v2\/product\/483","targetHints":{"allow":["GET"]}}],"collection":[{"href":"https:\/\/yufkawelt.de\/tr\/wp-json\/wp\/v2\/product"}],"about":[{"href":"https:\/\/yufkawelt.de\/tr\/wp-json\/wp\/v2\/types\/product"}],"replies":[{"embeddable":true,"href":"https:\/\/yufkawelt.de\/tr\/wp-json\/wp\/v2\/comments?post=483"}],"wp:featuredmedia":[{"embeddable":true,"href":"https:\/\/yufkawelt.de\/tr\/wp-json\/wp\/v2\/media\/689"}],"wp:attachment":[{"href":"https:\/\/yufkawelt.de\/tr\/wp-json\/wp\/v2\/media?parent=483"}],"wp:term":[{"taxonomy":"product_brand","embeddable":true,"href":"https:\/\/yufkawelt.de\/tr\/wp-json\/wp\/v2\/product_brand?post=483"},{"taxonomy":"product_cat","embeddable":true,"href":"https:\/\/yufkawelt.de\/tr\/wp-json\/wp\/v2\/product_cat?post=483"},{"taxonomy":"product_tag","embeddable":true,"href":"https:\/\/yufkawelt.de\/tr\/wp-json\/wp\/v2\/product_tag?post=483"}],"curies":[{"name":"wp","href":"https:\/\/api.w.org\/{rel}","templated":true}]}}