{"id":428,"date":"2024-05-09T13:07:38","date_gmt":"2024-05-09T10:07:38","guid":{"rendered":"https:\/\/yufkawelt.de\/?post_type=product&#038;p=428"},"modified":"2024-06-26T14:21:07","modified_gmt":"2024-06-26T11:21:07","slug":"taze-koy-yufkasi-6li-paket","status":"publish","type":"product","link":"https:\/\/yufkawelt.de\/tr\/urun\/taze-koy-yufkasi-6li-paket\/","title":{"rendered":"\"Taze k\u00f6y bazlamas\u0131 6'l\u0131 paket\""},"content":{"rendered":"<p><strong>Inhalt:<\/strong><\/p>\n<ul>\n<li>Mehl<\/li>\n<li>Wasser<\/li>\n<li>Salz<\/li>\n<\/ul>","protected":false},"excerpt":{"rendered":"<h2>&#8222;Frischer Dorf-Fladenbrot&#8220;<\/h2>\n<p>&#8222;Unsere Dorf-Fladenbrote sind frei von Zus\u00e4tzen und handgemacht. Sie werden t\u00e4glich <strong>frisch<\/strong> nach traditionellen Methoden hergestellt und auf der hei\u00dfen Platte gebacken. Jede Schicht der<strong> Fladenbrote<\/strong> ist mit Papier versehen, um ein Anhaften zu verhindern.&#8220;<\/p>\n<p><strong>Nie mehr Yufka aus der T\u00fcrkei mitbringen!<\/strong><\/p>\n<p>7 Tage im K\u00fchlschrank und 6 Monate im Gefrierschrank haltbar. Weitere Informationen zur Aufbewahrung von Yufka und zur Lagerung finden Sie unter <strong>&#8222;Aufbewahrung von frischem Dorf-Fladenbrot<\/strong>&#8220; hier.<\/p>","protected":false},"featured_media":699,"comment_status":"open","ping_status":"closed","template":"","meta":{"_eb_attr":"","site-sidebar-layout":"default","site-content-layout":"","ast-site-content-layout":"default","site-content-style":"default","site-sidebar-style":"default","ast-global-header-display":"","ast-banner-title-visibility":"","ast-main-header-display":"","ast-hfb-above-header-display":"","ast-hfb-below-header-display":"","ast-hfb-mobile-header-display":"","site-post-title":"","ast-breadcrumbs-content":"","ast-featured-img":"","footer-sml-layout":"","ast-disable-related-posts":"","theme-transparent-header-meta":"default","adv-header-id-meta":"","stick-header-meta":"","header-above-stick-meta":"","header-main-stick-meta":"","header-below-stick-meta":"","astra-migrate-meta-layouts":"set","ast-page-background-enabled":"default","ast-page-background-meta":{"desktop":{"background-color":"var(--ast-global-color-4)","background-image":"","background-repeat":"repeat","background-position":"center center","background-size":"auto","background-attachment":"scroll","background-type":"","background-media":"","overlay-type":"","overlay-color":"","overlay-opacity":"","overlay-gradient":""},"tablet":{"background-color":"","background-image":"","background-repeat":"repeat","background-position":"center center","background-size":"auto","background-attachment":"scroll","background-type":"","background-media":"","overlay-type":"","overlay-color":"","overlay-opacity":"","overlay-gradient":""},"mobile":{"background-color":"","background-image":"","background-repeat":"repeat","background-position":"center center","background-size":"auto","background-attachment":"scroll","background-type":"","background-media":"","overlay-type":"","overlay-color":"","overlay-opacity":"","overlay-gradient":""}},"ast-content-background-meta":{"desktop":{"background-color":"var(--ast-global-color-5)","background-image":"","background-repeat":"repeat","background-position":"center center","background-size":"auto","background-attachment":"scroll","background-type":"","background-media":"","overlay-type":"","overlay-color":"","overlay-opacity":"","overlay-gradient":""},"tablet":{"background-color":"var(--ast-global-color-5)","background-image":"","background-repeat":"repeat","background-position":"center center","background-size":"auto","background-attachment":"scroll","background-type":"","background-media":"","overlay-type":"","overlay-color":"","overlay-opacity":"","overlay-gradient":""},"mobile":{"background-color":"var(--ast-global-color-5)","background-image":"","background-repeat":"repeat","background-position":"center center","background-size":"auto","background-attachment":"scroll","background-type":"","background-media":"","overlay-type":"","overlay-color":"","overlay-opacity":"","overlay-gradient":""}},"_joinchat":[]},"product_brand":[],"product_cat":[30],"product_tag":[],"class_list":{"0":"post-428","1":"product","2":"type-product","3":"status-publish","4":"has-post-thumbnail","6":"product_cat-yufka","7":"desktop-align-left","8":"tablet-align-left","9":"mobile-align-left","11":"first","12":"instock","13":"taxable","14":"shipping-taxable","15":"purchasable","16":"product-type-simple"},"jetpack_sharing_enabled":true,"_links":{"self":[{"href":"https:\/\/yufkawelt.de\/tr\/wp-json\/wp\/v2\/product\/428","targetHints":{"allow":["GET"]}}],"collection":[{"href":"https:\/\/yufkawelt.de\/tr\/wp-json\/wp\/v2\/product"}],"about":[{"href":"https:\/\/yufkawelt.de\/tr\/wp-json\/wp\/v2\/types\/product"}],"replies":[{"embeddable":true,"href":"https:\/\/yufkawelt.de\/tr\/wp-json\/wp\/v2\/comments?post=428"}],"wp:featuredmedia":[{"embeddable":true,"href":"https:\/\/yufkawelt.de\/tr\/wp-json\/wp\/v2\/media\/699"}],"wp:attachment":[{"href":"https:\/\/yufkawelt.de\/tr\/wp-json\/wp\/v2\/media?parent=428"}],"wp:term":[{"taxonomy":"product_brand","embeddable":true,"href":"https:\/\/yufkawelt.de\/tr\/wp-json\/wp\/v2\/product_brand?post=428"},{"taxonomy":"product_cat","embeddable":true,"href":"https:\/\/yufkawelt.de\/tr\/wp-json\/wp\/v2\/product_cat?post=428"},{"taxonomy":"product_tag","embeddable":true,"href":"https:\/\/yufkawelt.de\/tr\/wp-json\/wp\/v2\/product_tag?post=428"}],"curies":[{"name":"wp","href":"https:\/\/api.w.org\/{rel}","templated":true}]}}