{"id":339,"date":"2024-05-06T19:06:42","date_gmt":"2024-05-06T16:06:42","guid":{"rendered":"https:\/\/yufkawelt.de\/?post_type=product&#038;p=339"},"modified":"2024-06-26T16:25:36","modified_gmt":"2024-06-26T13:25:36","slug":"kadayif","status":"publish","type":"product","link":"https:\/\/yufkawelt.de\/tr\/urun\/kadayif\/","title":{"rendered":"KADAYIF"},"content":{"rendered":"<p><strong>Yufkawelt<\/strong>\u00a0 Kaday\u0131f\u0131, nicht nur an besonderen Tagen, sondern jeden Tag mit Freude genossen werden kann. Zum Fr\u00fchst\u00fcck, als Nachtisch oder Snack; Yufkawelt Tel Kaday\u0131f\u0131 ist immer f\u00fcr Sie da!<\/p>\n<p><strong>Bestellen Sie jetzt und genie\u00dfen Sie den<\/strong> <strong>Geschmack!<\/strong><\/p>\n<p>Bereichern Sie s\u00fc\u00dfe Momente mit <strong>Yufkawelt<\/strong> Tel Kaday\u0131f\u0131!<\/p>\n<p><strong>Bitte beachten Sie:<\/strong><\/p>\n<p>Unsere Kaday\u0131f wird frisch hergestellt und in Kartons versendet.<\/p>\n<p>F\u00fcr Gro\u00dfbestellungen bieten wir spezielle Rabattm\u00f6glichkeiten an.<\/p>\n<p>Entdecken Sie den Geschmack mit<strong> Yufkawelt<\/strong> Tel Kaday\u0131f\u0131 und machen Sie Ihre Lieben gl\u00fccklich!<\/p>","protected":false},"excerpt":{"rendered":"<p><strong>Yufkawelt<\/strong> ist stolz darauf, Ihnen seit Jahren den k\u00f6stlichsten und qualitativ hochwertigsten\u00a0 Kaday\u0131f anzubieten. Mit den <strong>frischesten Zutaten<\/strong> und unserer reichen<strong> Erfahrung<\/strong> schaffen wir Geschmackserlebnisse, die einen bleibenden Eindruck hinterlassen.<\/p>\n<p><strong>Was unterscheidet unser Tel Kaday\u0131f?<\/strong><\/p>\n<p><strong>Regionales Meh<\/strong>l: Die k\u00f6stlichsten Tel Kaday\u0131f werden aus regionalem Weizenmehl hergestellt. Wir verwenden das ber\u00fchmte regionale Mehl aus [Ihre Region], um Ihnen echten Geschmack zu bieten.<br \/>\n<strong>Handwerkskunst:<\/strong> Jeder Tel Kaday\u0131f wird von unseren Meistern mit handwerklicher Sorgfalt zubereitet. Auf diese Weise sp\u00fcren Sie bei jedem Bissen hausgemachten Geschmack und Qualit\u00e4t.<br \/>\n<strong>Hygienische Produktion:<\/strong> Unsere Produktionsanlagen sind mit den h\u00f6chsten Hygienestandards ausgestattet. Dadurch gelangen unsere Produkte sicher auf Ihre Tische.<br \/>\n<strong>Vielfalt:<\/strong> Einfach, mit Waln\u00fcssen, mit Pistazien&#8230; Mit unseren verschiedenen Tel Kaday\u0131f-Optionen, die jeden Geschmack ansprechen, k\u00f6nnen Sie Ihre Lieben gl\u00fccklich machen.<\/p>","protected":false},"featured_media":705,"comment_status":"open","ping_status":"closed","template":"","meta":{"_eb_attr":"","site-sidebar-layout":"default","site-content-layout":"","ast-site-content-layout":"default","site-content-style":"default","site-sidebar-style":"default","ast-global-header-display":"","ast-banner-title-visibility":"","ast-main-header-display":"","ast-hfb-above-header-display":"","ast-hfb-below-header-display":"","ast-hfb-mobile-header-display":"","site-post-title":"","ast-breadcrumbs-content":"","ast-featured-img":"","footer-sml-layout":"","ast-disable-related-posts":"","theme-transparent-header-meta":"default","adv-header-id-meta":"","stick-header-meta":"","header-above-stick-meta":"","header-main-stick-meta":"","header-below-stick-meta":"","astra-migrate-meta-layouts":"set","ast-page-background-enabled":"default","ast-page-background-meta":{"desktop":{"background-color":"var(--ast-global-color-4)","background-image":"","background-repeat":"repeat","background-position":"center center","background-size":"auto","background-attachment":"scroll","background-type":"","background-media":"","overlay-type":"","overlay-color":"","overlay-opacity":"","overlay-gradient":""},"tablet":{"background-color":"","background-image":"","background-repeat":"repeat","background-position":"center center","background-size":"auto","background-attachment":"scroll","background-type":"","background-media":"","overlay-type":"","overlay-color":"","overlay-opacity":"","overlay-gradient":""},"mobile":{"background-color":"","background-image":"","background-repeat":"repeat","background-position":"center center","background-size":"auto","background-attachment":"scroll","background-type":"","background-media":"","overlay-type":"","overlay-color":"","overlay-opacity":"","overlay-gradient":""}},"ast-content-background-meta":{"desktop":{"background-color":"var(--ast-global-color-5)","background-image":"","background-repeat":"repeat","background-position":"center center","background-size":"auto","background-attachment":"scroll","background-type":"","background-media":"","overlay-type":"","overlay-color":"","overlay-opacity":"","overlay-gradient":""},"tablet":{"background-color":"var(--ast-global-color-5)","background-image":"","background-repeat":"repeat","background-position":"center center","background-size":"auto","background-attachment":"scroll","background-type":"","background-media":"","overlay-type":"","overlay-color":"","overlay-opacity":"","overlay-gradient":""},"mobile":{"background-color":"var(--ast-global-color-5)","background-image":"","background-repeat":"repeat","background-position":"center center","background-size":"auto","background-attachment":"scroll","background-type":"","background-media":"","overlay-type":"","overlay-color":"","overlay-opacity":"","overlay-gradient":""}},"_joinchat":[]},"product_brand":[],"product_cat":[33],"product_tag":[],"class_list":{"0":"post-339","1":"product","2":"type-product","3":"status-publish","4":"has-post-thumbnail","6":"product_cat-kadayif","7":"desktop-align-left","8":"tablet-align-left","9":"mobile-align-left","11":"first","12":"instock","13":"taxable","14":"shipping-taxable","15":"purchasable","16":"product-type-simple"},"jetpack_sharing_enabled":true,"_links":{"self":[{"href":"https:\/\/yufkawelt.de\/tr\/wp-json\/wp\/v2\/product\/339","targetHints":{"allow":["GET"]}}],"collection":[{"href":"https:\/\/yufkawelt.de\/tr\/wp-json\/wp\/v2\/product"}],"about":[{"href":"https:\/\/yufkawelt.de\/tr\/wp-json\/wp\/v2\/types\/product"}],"replies":[{"embeddable":true,"href":"https:\/\/yufkawelt.de\/tr\/wp-json\/wp\/v2\/comments?post=339"}],"wp:featuredmedia":[{"embeddable":true,"href":"https:\/\/yufkawelt.de\/tr\/wp-json\/wp\/v2\/media\/705"}],"wp:attachment":[{"href":"https:\/\/yufkawelt.de\/tr\/wp-json\/wp\/v2\/media?parent=339"}],"wp:term":[{"taxonomy":"product_brand","embeddable":true,"href":"https:\/\/yufkawelt.de\/tr\/wp-json\/wp\/v2\/product_brand?post=339"},{"taxonomy":"product_cat","embeddable":true,"href":"https:\/\/yufkawelt.de\/tr\/wp-json\/wp\/v2\/product_cat?post=339"},{"taxonomy":"product_tag","embeddable":true,"href":"https:\/\/yufkawelt.de\/tr\/wp-json\/wp\/v2\/product_tag?post=339"}],"curies":[{"name":"wp","href":"https:\/\/api.w.org\/{rel}","templated":true}]}}