{"id":335,"date":"2024-05-06T18:57:34","date_gmt":"2024-05-06T15:57:34","guid":{"rendered":"https:\/\/yufkawelt.de\/?post_type=product&#038;p=335"},"modified":"2024-06-26T16:50:36","modified_gmt":"2024-06-26T13:50:36","slug":"borek","status":"publish","type":"product","link":"https:\/\/yufkawelt.de\/tr\/urun\/borek\/","title":{"rendered":"Peynirli hamur i\u015fleri"},"content":{"rendered":"<p><strong>Mit Yufkawelt K\u00e4se-Backblechb\u00f6rek:<\/strong><\/p>\n<ul>\n<li style=\"font-weight: 400;\" aria-level=\"1\"><span style=\"font-weight: 400;\">Sie k\u00f6nnen unvergessliche Mahlzeiten f\u00fcr Ihre Familie und Lieben zubereiten.<\/span><\/li>\n<li style=\"font-weight: 400;\" aria-level=\"1\"><span style=\"font-weight: 400;\">\u00a0Sie k\u00f6nnen Ihre besonderen Tage mit Geschmack noch bedeutsamer machen.<\/span><\/li>\n<li style=\"font-weight: 400;\" aria-level=\"1\"><span style=\"font-weight: 400;\">\u00a0Sie k\u00f6nnen Ihre pl\u00f6tzlichen G\u00e4ste \u00fcberraschen und gl\u00fccklich machen.<\/span><\/li>\n<li style=\"font-weight: 400;\" aria-level=\"1\"><span style=\"font-weight: 400;\">\u00a0Sie k\u00f6nnen eine praktische und leckere Mahlzeit ohne M\u00fche finden.<\/span><\/li>\n<\/ul>\n<p><strong>Unsere Produkte:<\/strong><\/p>\n<ul>\n<li style=\"font-weight: 400;\" aria-level=\"1\"><span style=\"font-weight: 400;\">Klassischer K\u00e4se-Backblechb\u00f6rek: Reichhaltig k\u00e4sig und knusprig, klassischer Geschmack.\u00a0<\/span><\/li>\n<li style=\"font-weight: 400;\" aria-level=\"1\"><span style=\"font-weight: 400;\">Spinat-K\u00e4se-Backblechb\u00f6rek: Perfekte Harmonie von K\u00e4se und Spinat.\u00a0<\/span><\/li>\n<li style=\"font-weight: 400;\" aria-level=\"1\"><span style=\"font-weight: 400;\">Hackfleisch-K\u00e4se-Backblechb\u00f6rek: S\u00e4ttigend und lecker.\u00a0<\/span><\/li>\n<li style=\"font-weight: 400;\" aria-level=\"1\"><span style=\"font-weight: 400;\">Tahin-K\u00e4se-Backblechb\u00f6rek: Ideal f\u00fcr diejenigen, die einen anderen Geschmack suchen.<\/span><\/li>\n<\/ul>\n<p><span style=\"font-weight: 400;\">Wir bieten Yufkawelt K\u00e4se-Backblechb\u00f6rek gefroren an. Dadurch k\u00f6nnen Sie es jederzeit einfach zubereiten und warm servieren.<\/span><\/p>\n<p><strong>Bestellen Sie jetzt und genie\u00dfen Sie den Geschmack!<\/strong><\/p>","protected":false},"excerpt":{"rendered":"<h2>K\u00e4setablett Geb\u00e4ck M\u00f6chten Sie Ihre G\u00e4ste wie K\u00f6nige empfangen?<\/h2>\n<p data-sourcepos=\"3:1-3:40\"><strong>Darf ich vorstellen: Yufkawelt-K\u00e4segeb\u00e4ck!<\/strong><\/p>\n<p><span style=\"font-weight: 400;\"><strong>Wenn Sie auf der Suche nach einer leckeren<\/strong>, praktischen und zufriedenstellenden L\u00f6sung sind, ist<strong> Yufkawelt K\u00e4se-Backblechb\u00f6rek<\/strong> genau das <strong>Richtige f\u00fcr Sie!<\/strong><\/span><\/p>\n<p><strong>In unseren Backwaren, die wir speziell f\u00fcr diejenigen zubereitet haben, die den Geschmack der Mutter suchen;<\/strong><\/p>\n<ul>\n<li>Wir verwenden die frischesten und hochwertigsten Zutaten<\/li>\n<li>Mit unseren lokalen K\u00e4sesorten geben wir unseren Backwaren einen einzigartigen Geschmack.<\/li>\n<li>.Unsere von Meisterhand sorgf\u00e4ltig zubereiteten Backwaren haben einen Geschmack, der jeden Gaumen beeindruckt.<\/li>\n<li>Mit unseren Produkten, die praktische L\u00f6sungen bieten, sparen Sie Zeit.<\/li>\n<li>Ideal, um Ihre G\u00e4ste wie K\u00f6nige zu bewirten.<\/li>\n<\/ul>","protected":false},"featured_media":727,"comment_status":"open","ping_status":"closed","template":"","meta":{"_eb_attr":"","site-sidebar-layout":"default","site-content-layout":"","ast-site-content-layout":"default","site-content-style":"default","site-sidebar-style":"default","ast-global-header-display":"","ast-banner-title-visibility":"","ast-main-header-display":"","ast-hfb-above-header-display":"","ast-hfb-below-header-display":"","ast-hfb-mobile-header-display":"","site-post-title":"","ast-breadcrumbs-content":"","ast-featured-img":"","footer-sml-layout":"","ast-disable-related-posts":"","theme-transparent-header-meta":"default","adv-header-id-meta":"","stick-header-meta":"","header-above-stick-meta":"","header-main-stick-meta":"","header-below-stick-meta":"","astra-migrate-meta-layouts":"set","ast-page-background-enabled":"default","ast-page-background-meta":{"desktop":{"background-color":"var(--ast-global-color-4)","background-image":"","background-repeat":"repeat","background-position":"center center","background-size":"auto","background-attachment":"scroll","background-type":"","background-media":"","overlay-type":"","overlay-color":"","overlay-opacity":"","overlay-gradient":""},"tablet":{"background-color":"","background-image":"","background-repeat":"repeat","background-position":"center center","background-size":"auto","background-attachment":"scroll","background-type":"","background-media":"","overlay-type":"","overlay-color":"","overlay-opacity":"","overlay-gradient":""},"mobile":{"background-color":"","background-image":"","background-repeat":"repeat","background-position":"center center","background-size":"auto","background-attachment":"scroll","background-type":"","background-media":"","overlay-type":"","overlay-color":"","overlay-opacity":"","overlay-gradient":""}},"ast-content-background-meta":{"desktop":{"background-color":"var(--ast-global-color-5)","background-image":"","background-repeat":"repeat","background-position":"center center","background-size":"auto","background-attachment":"scroll","background-type":"","background-media":"","overlay-type":"","overlay-color":"","overlay-opacity":"","overlay-gradient":""},"tablet":{"background-color":"var(--ast-global-color-5)","background-image":"","background-repeat":"repeat","background-position":"center center","background-size":"auto","background-attachment":"scroll","background-type":"","background-media":"","overlay-type":"","overlay-color":"","overlay-opacity":"","overlay-gradient":""},"mobile":{"background-color":"var(--ast-global-color-5)","background-image":"","background-repeat":"repeat","background-position":"center center","background-size":"auto","background-attachment":"scroll","background-type":"","background-media":"","overlay-type":"","overlay-color":"","overlay-opacity":"","overlay-gradient":""}},"_joinchat":[]},"product_brand":[],"product_cat":[31],"product_tag":[],"class_list":{"0":"post-335","1":"product","2":"type-product","3":"status-publish","4":"has-post-thumbnail","6":"product_cat-borek","7":"desktop-align-left","8":"tablet-align-left","9":"mobile-align-left","11":"first","12":"instock","13":"taxable","14":"shipping-taxable","15":"purchasable","16":"product-type-variable"},"jetpack_sharing_enabled":true,"_links":{"self":[{"href":"https:\/\/yufkawelt.de\/tr\/wp-json\/wp\/v2\/product\/335","targetHints":{"allow":["GET"]}}],"collection":[{"href":"https:\/\/yufkawelt.de\/tr\/wp-json\/wp\/v2\/product"}],"about":[{"href":"https:\/\/yufkawelt.de\/tr\/wp-json\/wp\/v2\/types\/product"}],"replies":[{"embeddable":true,"href":"https:\/\/yufkawelt.de\/tr\/wp-json\/wp\/v2\/comments?post=335"}],"wp:featuredmedia":[{"embeddable":true,"href":"https:\/\/yufkawelt.de\/tr\/wp-json\/wp\/v2\/media\/727"}],"wp:attachment":[{"href":"https:\/\/yufkawelt.de\/tr\/wp-json\/wp\/v2\/media?parent=335"}],"wp:term":[{"taxonomy":"product_brand","embeddable":true,"href":"https:\/\/yufkawelt.de\/tr\/wp-json\/wp\/v2\/product_brand?post=335"},{"taxonomy":"product_cat","embeddable":true,"href":"https:\/\/yufkawelt.de\/tr\/wp-json\/wp\/v2\/product_cat?post=335"},{"taxonomy":"product_tag","embeddable":true,"href":"https:\/\/yufkawelt.de\/tr\/wp-json\/wp\/v2\/product_tag?post=335"}],"curies":[{"name":"wp","href":"https:\/\/api.w.org\/{rel}","templated":true}]}}