{"id":330,"date":"2024-05-06T18:51:55","date_gmt":"2024-05-06T15:51:55","guid":{"rendered":"https:\/\/yufkawelt.de\/?post_type=product&#038;p=330"},"modified":"2024-06-26T17:03:11","modified_gmt":"2024-06-26T14:03:11","slug":"citir-simit","status":"publish","type":"product","link":"https:\/\/yufkawelt.de\/tr\/urun\/citir-simit\/","title":{"rendered":"\u00c7\u0131t\u0131r simit"},"content":{"rendered":"<p><strong>Unsere knusprige simits:<\/strong><\/p>\n<ul>\n<li>Sie werden von unseren geschickten H\u00e4nden vollst\u00e4ndig handgefertigt und zubereitet.<\/li>\n<li>Es wird in seiner nat\u00fcrlichsten Form pr\u00e4sentiert, mit lokalem Mehl und Sesam.<\/li>\n<li>Er enth\u00e4lt keine Zusatzstoffe und ist gesund.<\/li>\n<li>Es bleibt lange Zeit frisch.<\/li>\n<li>Er hat einen Geschmack, der jeden Gaumen beeindruckt.<\/li>\n<\/ul>\n<p>Wir bieten <strong>Yufkawelt <\/strong>knusprige Simits in 3 verschiedenen Varianten an: glatt, mit Sesam und mit Walnuss. Profitieren Sie auch von unseren besonderen Preisvorteilen bei Abholbestellungen.<\/p>\n<p><strong>Bestellen Sie jetzt, genie\u00dfen Sie den Geschmack!<\/strong><\/p>","protected":false},"excerpt":{"rendered":"<p><strong>Beginnen Sie<\/strong> den<strong> Tag mit duftenden, knusprigen Simit!<\/strong><\/p>\n<p>Lernen Sie <strong>Yufkawelt<\/strong> kennen, die neue Adresse f\u00fcr knusprige Bagels!<\/p>\n<p>Mit unserer jahrelangen Erfahrung und Leidenschaft f\u00fcr Geschmack bieten wir Ihnen die leckersten und nat\u00fcrlichsten knusprigen Bagels.<\/p>\n<p data-sourcepos=\"7:1-7:34\"><strong>Mit knusprigen Yufkawelt-Simit:<\/strong><\/p>\n<ul data-sourcepos=\"9:1-10:29\">\n<li data-sourcepos=\"9:1-9:77\"><strong>Sie k\u00f6nnen jeden Morgen<\/strong> mit einem duftenden Tag aufwachen und frisch in den Tag starten.<\/li>\n<li data-sourcepos=\"9:1-9:77\"><strong>Es kann der Lieblingssnack<\/strong> Ihrer Kinder werden.<\/li>\n<li data-sourcepos=\"9:1-9:77\"><strong>Sie k\u00f6nnen Ihre G\u00e4ste<\/strong> auf die sch\u00f6nste Weise bewirten.<\/li>\n<li data-sourcepos=\"9:1-9:77\"><strong>Sie k\u00f6nnen Ihr Fr\u00fchst\u00fcck<\/strong> <span style=\"font-size: 16px; font-style: normal; font-weight: 400;\">\u00a0<\/span>und Ihre Snacks aromatisieren.<\/li>\n<\/ul>","protected":false},"featured_media":729,"comment_status":"open","ping_status":"closed","template":"","meta":{"_eb_attr":"","site-sidebar-layout":"default","site-content-layout":"","ast-site-content-layout":"default","site-content-style":"default","site-sidebar-style":"default","ast-global-header-display":"","ast-banner-title-visibility":"","ast-main-header-display":"","ast-hfb-above-header-display":"","ast-hfb-below-header-display":"","ast-hfb-mobile-header-display":"","site-post-title":"","ast-breadcrumbs-content":"","ast-featured-img":"","footer-sml-layout":"","ast-disable-related-posts":"","theme-transparent-header-meta":"default","adv-header-id-meta":"","stick-header-meta":"","header-above-stick-meta":"","header-main-stick-meta":"","header-below-stick-meta":"","astra-migrate-meta-layouts":"set","ast-page-background-enabled":"default","ast-page-background-meta":{"desktop":{"background-color":"var(--ast-global-color-4)","background-image":"","background-repeat":"repeat","background-position":"center center","background-size":"auto","background-attachment":"scroll","background-type":"","background-media":"","overlay-type":"","overlay-color":"","overlay-opacity":"","overlay-gradient":""},"tablet":{"background-color":"","background-image":"","background-repeat":"repeat","background-position":"center center","background-size":"auto","background-attachment":"scroll","background-type":"","background-media":"","overlay-type":"","overlay-color":"","overlay-opacity":"","overlay-gradient":""},"mobile":{"background-color":"","background-image":"","background-repeat":"repeat","background-position":"center center","background-size":"auto","background-attachment":"scroll","background-type":"","background-media":"","overlay-type":"","overlay-color":"","overlay-opacity":"","overlay-gradient":""}},"ast-content-background-meta":{"desktop":{"background-color":"var(--ast-global-color-5)","background-image":"","background-repeat":"repeat","background-position":"center center","background-size":"auto","background-attachment":"scroll","background-type":"","background-media":"","overlay-type":"","overlay-color":"","overlay-opacity":"","overlay-gradient":""},"tablet":{"background-color":"var(--ast-global-color-5)","background-image":"","background-repeat":"repeat","background-position":"center center","background-size":"auto","background-attachment":"scroll","background-type":"","background-media":"","overlay-type":"","overlay-color":"","overlay-opacity":"","overlay-gradient":""},"mobile":{"background-color":"var(--ast-global-color-5)","background-image":"","background-repeat":"repeat","background-position":"center center","background-size":"auto","background-attachment":"scroll","background-type":"","background-media":"","overlay-type":"","overlay-color":"","overlay-opacity":"","overlay-gradient":""}},"_joinchat":[]},"product_brand":[],"product_cat":[34],"product_tag":[],"class_list":{"0":"post-330","1":"product","2":"type-product","3":"status-publish","4":"has-post-thumbnail","6":"product_cat-simit","7":"desktop-align-left","8":"tablet-align-left","9":"mobile-align-left","11":"first","12":"instock","13":"taxable","14":"shipping-taxable","15":"purchasable","16":"product-type-simple"},"jetpack_sharing_enabled":true,"_links":{"self":[{"href":"https:\/\/yufkawelt.de\/tr\/wp-json\/wp\/v2\/product\/330","targetHints":{"allow":["GET"]}}],"collection":[{"href":"https:\/\/yufkawelt.de\/tr\/wp-json\/wp\/v2\/product"}],"about":[{"href":"https:\/\/yufkawelt.de\/tr\/wp-json\/wp\/v2\/types\/product"}],"replies":[{"embeddable":true,"href":"https:\/\/yufkawelt.de\/tr\/wp-json\/wp\/v2\/comments?post=330"}],"wp:featuredmedia":[{"embeddable":true,"href":"https:\/\/yufkawelt.de\/tr\/wp-json\/wp\/v2\/media\/729"}],"wp:attachment":[{"href":"https:\/\/yufkawelt.de\/tr\/wp-json\/wp\/v2\/media?parent=330"}],"wp:term":[{"taxonomy":"product_brand","embeddable":true,"href":"https:\/\/yufkawelt.de\/tr\/wp-json\/wp\/v2\/product_brand?post=330"},{"taxonomy":"product_cat","embeddable":true,"href":"https:\/\/yufkawelt.de\/tr\/wp-json\/wp\/v2\/product_cat?post=330"},{"taxonomy":"product_tag","embeddable":true,"href":"https:\/\/yufkawelt.de\/tr\/wp-json\/wp\/v2\/product_tag?post=330"}],"curies":[{"name":"wp","href":"https:\/\/api.w.org\/{rel}","templated":true}]}}