{"id":130,"date":"2024-05-05T19:36:15","date_gmt":"2024-05-05T16:36:15","guid":{"rendered":"https:\/\/yufkawelt.de\/?post_type=product&#038;p=130"},"modified":"2024-06-26T17:15:05","modified_gmt":"2024-06-26T14:15:05","slug":"frische-yufka-fur-borek-6-korner","status":"publish","type":"product","link":"https:\/\/yufkawelt.de\/tr\/urun\/frische-yufka-fur-borek-6-korner\/","title":{"rendered":"B\u00f6reklik taze yufka (6 tane)"},"content":{"rendered":"<p><strong>Unsere frischen Yufkas:<\/strong><\/p>\n<ul>\n<li>Werden t\u00e4glich frisch hergestellt.<\/li>\n<li>Werden mit regionalen Mehl- und nat\u00fcrlichen Zutaten zubereitet.<\/li>\n<li>Enthalten keine Zusatzstoffe.<\/li>\n<li>Bleiben lange frisch.<\/li>\n<li>Sind knusprig und k\u00f6stlich.<\/li>\n<\/ul>\n<p>Bringen Sie mit dem Yufkawelt 6er-Pack frischer Yufka Farbe<strong> auf Ihren Tisch!<\/strong><\/p>\n<p><strong>Unsere Produkte:<\/strong><\/p>\n<ul>\n<li>Enth\u00e4lt 6 St\u00fcck d\u00fcnne Yufka.<\/li>\n<li>\nProfitieren Sie von unseren speziellen Rabattm\u00f6glichkeiten f\u00fcr Gro\u00dfbestellungen.<\/li>\n<\/ul>\n<p><strong>Bestellen Sie jetzt und genie\u00dfen Sie den Geschmack!<\/strong><\/p>","protected":false},"excerpt":{"rendered":"<h4>Der Star k\u00f6stlicher Tafeln: Das 6er-Pack Frische Yufka<\/h4>\n<p>&nbsp;<\/p>\n<p>Lernen Sie<strong> Yufkawelt<\/strong> kennen und erleben Sie angenehme Momente mit unseren frischen Yufka-Packungen, die Ihrem Tisch Geschmack und Praktikabilit\u00e4t verleihen!<\/p>\n<p><strong>Mit unserem 6er-Pack Frische Yufka k\u00f6nnen Sie:<\/strong><\/p>\n<ul>\n<li>\u00a0Leicht und praktisch G\u00f6zleme, B\u00f6rek, Sigara B\u00f6re\u011fi und viele weitere K\u00f6stlichkeiten zubereiten.<\/li>\n<li>\u00a0Ihrer Familie und Ihren Lieben jederzeit frische und leckere Leckerbissen bieten.<\/li>\n<li>\u00a0Zeit sparen und mehr Freude in der K\u00fcche haben.<\/li>\n<li>Ihre G\u00e4ste auf die sch\u00f6nste Art und Weise bewirten.<\/li>\n<\/ul>","protected":false},"featured_media":733,"comment_status":"open","ping_status":"closed","template":"","meta":{"_eb_attr":"","site-sidebar-layout":"default","site-content-layout":"","ast-site-content-layout":"default","site-content-style":"default","site-sidebar-style":"default","ast-global-header-display":"","ast-banner-title-visibility":"","ast-main-header-display":"","ast-hfb-above-header-display":"","ast-hfb-below-header-display":"","ast-hfb-mobile-header-display":"","site-post-title":"","ast-breadcrumbs-content":"","ast-featured-img":"","footer-sml-layout":"","ast-disable-related-posts":"","theme-transparent-header-meta":"default","adv-header-id-meta":"","stick-header-meta":"","header-above-stick-meta":"","header-main-stick-meta":"","header-below-stick-meta":"","astra-migrate-meta-layouts":"set","ast-page-background-enabled":"default","ast-page-background-meta":{"desktop":{"background-color":"var(--ast-global-color-4)","background-image":"","background-repeat":"repeat","background-position":"center center","background-size":"auto","background-attachment":"scroll","background-type":"","background-media":"","overlay-type":"","overlay-color":"","overlay-opacity":"","overlay-gradient":""},"tablet":{"background-color":"","background-image":"","background-repeat":"repeat","background-position":"center center","background-size":"auto","background-attachment":"scroll","background-type":"","background-media":"","overlay-type":"","overlay-color":"","overlay-opacity":"","overlay-gradient":""},"mobile":{"background-color":"","background-image":"","background-repeat":"repeat","background-position":"center center","background-size":"auto","background-attachment":"scroll","background-type":"","background-media":"","overlay-type":"","overlay-color":"","overlay-opacity":"","overlay-gradient":""}},"ast-content-background-meta":{"desktop":{"background-color":"var(--ast-global-color-5)","background-image":"","background-repeat":"repeat","background-position":"center center","background-size":"auto","background-attachment":"scroll","background-type":"","background-media":"","overlay-type":"","overlay-color":"","overlay-opacity":"","overlay-gradient":""},"tablet":{"background-color":"var(--ast-global-color-5)","background-image":"","background-repeat":"repeat","background-position":"center center","background-size":"auto","background-attachment":"scroll","background-type":"","background-media":"","overlay-type":"","overlay-color":"","overlay-opacity":"","overlay-gradient":""},"mobile":{"background-color":"var(--ast-global-color-5)","background-image":"","background-repeat":"repeat","background-position":"center center","background-size":"auto","background-attachment":"scroll","background-type":"","background-media":"","overlay-type":"","overlay-color":"","overlay-opacity":"","overlay-gradient":""}},"_joinchat":[]},"product_brand":[],"product_cat":[30],"product_tag":[],"class_list":{"0":"post-130","1":"product","2":"type-product","3":"status-publish","4":"has-post-thumbnail","6":"product_cat-yufka","7":"desktop-align-left","8":"tablet-align-left","9":"mobile-align-left","11":"first","12":"instock","13":"taxable","14":"shipping-taxable","15":"purchasable","16":"product-type-simple"},"jetpack_sharing_enabled":true,"_links":{"self":[{"href":"https:\/\/yufkawelt.de\/tr\/wp-json\/wp\/v2\/product\/130","targetHints":{"allow":["GET"]}}],"collection":[{"href":"https:\/\/yufkawelt.de\/tr\/wp-json\/wp\/v2\/product"}],"about":[{"href":"https:\/\/yufkawelt.de\/tr\/wp-json\/wp\/v2\/types\/product"}],"replies":[{"embeddable":true,"href":"https:\/\/yufkawelt.de\/tr\/wp-json\/wp\/v2\/comments?post=130"}],"wp:featuredmedia":[{"embeddable":true,"href":"https:\/\/yufkawelt.de\/tr\/wp-json\/wp\/v2\/media\/733"}],"wp:attachment":[{"href":"https:\/\/yufkawelt.de\/tr\/wp-json\/wp\/v2\/media?parent=130"}],"wp:term":[{"taxonomy":"product_brand","embeddable":true,"href":"https:\/\/yufkawelt.de\/tr\/wp-json\/wp\/v2\/product_brand?post=130"},{"taxonomy":"product_cat","embeddable":true,"href":"https:\/\/yufkawelt.de\/tr\/wp-json\/wp\/v2\/product_cat?post=130"},{"taxonomy":"product_tag","embeddable":true,"href":"https:\/\/yufkawelt.de\/tr\/wp-json\/wp\/v2\/product_tag?post=130"}],"curies":[{"name":"wp","href":"https:\/\/api.w.org\/{rel}","templated":true}]}}