{"id":150,"date":"2024-05-05T19:16:25","date_gmt":"2024-05-05T16:16:25","guid":{"rendered":"https:\/\/yufkawelt.de\/?page_id=150"},"modified":"2024-08-09T23:14:40","modified_gmt":"2024-08-09T20:14:40","slug":"kadayif","status":"publish","type":"page","link":"https:\/\/yufkawelt.de\/tr\/kadayif\/","title":{"rendered":"KADAYIF"},"content":{"rendered":"<div data-elementor-type=\"wp-page\" data-elementor-id=\"150\" class=\"elementor elementor-150\">\n\t\t\t\t<div class=\"elementor-element elementor-element-32f73cb e-flex e-con-boxed e-con e-parent\" data-id=\"32f73cb\" data-element_type=\"container\" data-e-type=\"container\">\n\t\t\t\t\t<div class=\"e-con-inner\">\n\t\t\t\t<div class=\"elementor-element elementor-element-756ccf7 elementor-widget elementor-widget-heading\" data-id=\"756ccf7\" data-element_type=\"widget\" data-e-type=\"widget\" data-widget_type=\"heading.default\">\n\t\t\t\t<div class=\"elementor-widget-container\">\n\t\t\t\t\t<h1 class=\"elementor-heading-title elementor-size-default\">KADAYIF<\/h1>\t\t\t\t<\/div>\n\t\t\t\t<\/div>\n\t\t\t\t\t<\/div>\n\t\t\t\t<\/div>\n\t\t<div class=\"elementor-element elementor-element-544d2de e-flex e-con-boxed e-con e-parent\" data-id=\"544d2de\" data-element_type=\"container\" data-e-type=\"container\">\n\t\t\t\t\t<div class=\"e-con-inner\">\n\t\t<div class=\"elementor-element elementor-element-77687c3 e-con-full e-flex e-con e-child\" data-id=\"77687c3\" data-element_type=\"container\" data-e-type=\"container\">\n\t\t\t\t<div class=\"elementor-element elementor-element-593eeea elementor-widget elementor-widget-image\" data-id=\"593eeea\" data-element_type=\"widget\" data-e-type=\"widget\" data-widget_type=\"image.default\">\n\t\t\t\t<div class=\"elementor-widget-container\">\n\t\t\t\t\t\t\t\t\t\t\t\t\t\t\t<img fetchpriority=\"high\" decoding=\"async\" width=\"800\" height=\"800\" src=\"https:\/\/yufkawelt.de\/wp-content\/uploads\/2024\/05\/tel-kadayif-1.jpg\" class=\"attachment-large size-large wp-image-706\" alt=\"tel kaday\u0131f\" srcset=\"https:\/\/yufkawelt.de\/wp-content\/uploads\/2024\/05\/tel-kadayif-1.jpg 800w, https:\/\/yufkawelt.de\/wp-content\/uploads\/2024\/05\/tel-kadayif-1-300x300.jpg 300w, https:\/\/yufkawelt.de\/wp-content\/uploads\/2024\/05\/tel-kadayif-1-150x150.jpg 150w, https:\/\/yufkawelt.de\/wp-content\/uploads\/2024\/05\/tel-kadayif-1-768x768.jpg 768w, https:\/\/yufkawelt.de\/wp-content\/uploads\/2024\/05\/tel-kadayif-1-600x600.jpg 600w, https:\/\/yufkawelt.de\/wp-content\/uploads\/2024\/05\/tel-kadayif-1-100x100.jpg 100w\" sizes=\"(max-width: 800px) 100vw, 800px\" \/>\t\t\t\t\t\t\t\t\t\t\t\t\t\t\t<\/div>\n\t\t\t\t<\/div>\n\t\t\t\t<\/div>\n\t\t<div class=\"elementor-element elementor-element-4a087f8 e-con-full e-flex e-con e-child\" data-id=\"4a087f8\" data-element_type=\"container\" data-e-type=\"container\">\n\t\t\t\t<div class=\"elementor-element elementor-element-b6457d1 elementor-widget elementor-widget-text-editor\" data-id=\"b6457d1\" data-element_type=\"widget\" data-e-type=\"widget\" data-widget_type=\"text-editor.default\">\n\t\t\t\t<div class=\"elementor-widget-container\">\n\t\t\t\t\t\t\t\t\t<p>Kaday\u0131f, T\u00fcrk mutfa\u011f\u0131n\u0131n en sevilen tatl\u0131lar\u0131ndan biridir ve \u00f6zel g\u00fcnler i\u00e7in mutlaka denenmesi gereken lezzetlerden biri olarak kabul edilir. Kaday\u0131f tellerinin eritilmi\u015f tereya\u011f\u0131 ile kar\u0131\u015ft\u0131r\u0131lmas\u0131 ve ceviz ya da Antep f\u0131st\u0131\u011f\u0131 gibi \u00e7e\u015fitli dolgularla zenginle\u015ftirilmesi bu tatl\u0131ya e\u015fsiz bir lezzet kazand\u0131r\u0131yor. Pi\u015ftikten sonra alt\u0131n sar\u0131s\u0131 bir renk alana kadar \u00fczerine d\u00f6k\u00fclen aromatik \u015ferbet, tatl\u0131ya \u0131\u015f\u0131lt\u0131l\u0131 bir parlakl\u0131k ve yo\u011fun bir lezzet verir. S\u0131cak ya da so\u011fuk olarak servis edilen kaday\u0131f, her \u0131s\u0131r\u0131kta damaklar\u0131 \u015fenlendiren e\u015fsiz bir lezzet ve dokuya sahiptir. Bu geleneksel tatl\u0131n\u0131n her lokmas\u0131 tarihi ve k\u00fclt\u00fcrel miras\u0131n\u0131 yans\u0131t\u0131r.<\/p>\t\t\t\t\t\t\t\t<\/div>\n\t\t\t\t<\/div>\n\t\t\t\t<\/div>\n\t\t\t\t\t<\/div>\n\t\t\t\t<\/div>\n\t\t<div class=\"elementor-element elementor-element-7a9738f e-flex e-con-boxed e-con e-parent\" data-id=\"7a9738f\" data-element_type=\"container\" data-e-type=\"container\">\n\t\t\t\t\t<div class=\"e-con-inner\">\n\t\t\t\t<div class=\"elementor-element elementor-element-5fb1caf elementor-widget elementor-widget-heading\" data-id=\"5fb1caf\" data-element_type=\"widget\" data-e-type=\"widget\" data-widget_type=\"heading.default\">\n\t\t\t\t<div class=\"elementor-widget-container\">\n\t\t\t\t\t<h2 class=\"elementor-heading-title elementor-size-default\">Kaday\u0131flar\u0131m\u0131z<\/h2>\t\t\t\t<\/div>\n\t\t\t\t<\/div>\n\t\t\t\t\t<\/div>\n\t\t\t\t<\/div>\n\t\t<div class=\"elementor-element elementor-element-1fcf37e e-flex e-con-boxed e-con e-parent\" data-id=\"1fcf37e\" data-element_type=\"container\" data-e-type=\"container\">\n\t\t\t\t\t<div class=\"e-con-inner\">\n\t\t\t\t<div class=\"elementor-element elementor-element-bf54434 elementor-widget elementor-widget-eael-woo-product-carousel\" data-id=\"bf54434\" data-element_type=\"widget\" data-e-type=\"widget\" data-widget_type=\"eael-woo-product-carousel.default\">\n\t\t\t\t<div class=\"elementor-widget-container\">\n\t\t\t\t\t\n        <div class=\"swiper-container-wrap eael-woo-product-carousel-container preset-3 swiper-container-wrap-dots-outside\" id=\"eael-product-carousel-bf54434\" data-widget-id=\"bf54434\" >\n            <div class=\"woocommerce eael-woo-product-carousel eael-product-appender-bf54434 eael-hover-buttons swiper swiper-8 swiper-container-bf54434 swiper-image-stretch\" data-pagination=\".swiper-pagination-bf54434\" data-arrow-next=\".swiper-button-next-bf54434\" data-arrow-prev=\".swiper-button-prev-bf54434\" data-type=\"preset-3\" data-effect=\"slide\" data-items=\"3\" data-slide-items=\"1\" data-items-mobile=\"2\" data-items-tablet=\"3\" data-margin=\"10\" data-speed=\"400\" data-autoplay=\"2000\" data-loop=\"1\" data-dots=\"1\"><div class=\"products swiper-wrapper\">    <div class=\"product swiper-slide post-339 type-product status-publish has-post-thumbnail product_cat-kadayif desktop-align-left tablet-align-left mobile-align-left first instock taxable shipping-taxable purchasable product-type-simple\">\n        <div class=\"eael-product-carousel\">\n            <div class=\"product-image-wrap\">\n                <div class=\"image-wrap\">\n                    <a href=\"https:\/\/yufkawelt.de\/tr\/urun\/kadayif\/\" class=\"woocommerce-LoopProduct-link woocommerce-loop-product__link\"><img decoding=\"async\" width=\"800\" height=\"800\" src=\"https:\/\/yufkawelt.de\/wp-content\/uploads\/2024\/05\/tel-kadayif.webp\" class=\"attachment-full size-full\" alt=\"tel kaday\u0131f\" loading=\"eager\" srcset=\"https:\/\/yufkawelt.de\/wp-content\/uploads\/2024\/05\/tel-kadayif.webp 800w, https:\/\/yufkawelt.de\/wp-content\/uploads\/2024\/05\/tel-kadayif-300x300.webp 300w, https:\/\/yufkawelt.de\/wp-content\/uploads\/2024\/05\/tel-kadayif-150x150.webp 150w, https:\/\/yufkawelt.de\/wp-content\/uploads\/2024\/05\/tel-kadayif-768x768.webp 768w, https:\/\/yufkawelt.de\/wp-content\/uploads\/2024\/05\/tel-kadayif-600x600.webp 600w, https:\/\/yufkawelt.de\/wp-content\/uploads\/2024\/05\/tel-kadayif-100x100.webp 100w\" sizes=\"(max-width: 800px) 100vw, 800px\" \/><\/a>                <\/div>\n                <div class=\"image-hover-wrap\">\n                    <ul class=\"icons-wrap block-style\">\n                                                    <li class=\"add-to-cart\"><a href=\"\/tr\/wp-json\/wp\/v2\/pages\/150?add-to-cart=339\" aria-describedby=\"woocommerce_loop_add_to_cart_link_describedby_339\" data-quantity=\"1\" class=\"button product_type_simple add_to_cart_button ajax_add_to_cart\" data-product_id=\"339\" data-product_sku=\"6\" aria-label=\"Sepete ekle: \u201cKADAYIF\u201d\" rel=\"nofollow\" data-success_message=\"&quot;KADAYIF&quot; sepetinize eklendi\" data-no-translation=\"\" data-trp-gettext=\"\" data-no-translation-aria-label=\"\" data-no-translation-data-success_message=\"\">Sepete Ekle<\/a>\t<span id=\"woocommerce_loop_add_to_cart_link_describedby_339\" class=\"screen-reader-text\">\n\t\t\t<\/span>\n<\/li>\n                        \t                                                <li class=\"eael-product-quick-view\">\n                                <a id=\"eael_quick_view_69fb4c4a800d6\" data-quickview-setting=\"{&quot;widget_id&quot;:&quot;bf54434&quot;,&quot;product_id&quot;:339,&quot;page_id&quot;:150}\"\n                                   class=\"open-popup-link\">\n                                    <i class=\"fas fa-eye\"><\/i>\n                                <\/a>\n                            <\/li>\n\t                                            <li class=\"view-details\"><a href=\"https:\/\/yufkawelt.de\/tr\/urun\/kadayif\/\"><i class=\"fas fa-link\"><\/i><\/a><\/li>\n\n                    <\/ul>\n                                    <\/div>\n            <\/div>\n            <div class=\"product-details-wrap\">\n\t            <div class=\"eael-product-title\"><a href=\"https:\/\/yufkawelt.de\/tr\/urun\/kadayif\/\" class=\"woocommerce-LoopProduct-link woocommerce-loop-product__link\"><h2>KADAYIF<\/h2><\/a><\/div><div class=\"eael-product-price\"><span class=\"woocommerce-Price-amount amount\"><bdi>12,00&nbsp;<span class=\"woocommerce-Price-currencySymbol\">&euro;<\/span><\/bdi><\/span><\/div><div class=\"eael-product-excerpt\"><p>Yufkawelt size en lezzetli ve en sa\u011fl\u0131kl\u0131 \u00fcr\u00fcnleri sunmaktan gurur duyar.<\/p><\/div>\n            <\/div>\n        <\/div>\n\t<\/div>\n    <\/div><\/div>            <!-- Add Pagination -->\n            <div class=\"swiper-pagination swiper-pagination-bf54434 dots-preset-1\"><\/div>\n                <\/div>\n        \t\t\t\t<\/div>\n\t\t\t\t<\/div>\n\t\t\t\t<div class=\"elementor-element elementor-element-83361a1 elementor-widget elementor-widget-heading\" data-id=\"83361a1\" data-element_type=\"widget\" data-e-type=\"widget\" data-widget_type=\"heading.default\">\n\t\t\t\t<div class=\"elementor-widget-container\">\n\t\t\t\t\t<h2 class=\"elementor-heading-title elementor-size-default\">Kaday\u0131f ile haz\u0131rlayabilece\u011finiz lezzetli ve basit iki tarif<\/h2>\t\t\t\t<\/div>\n\t\t\t\t<\/div>\n\t\t\t\t\t<\/div>\n\t\t\t\t<\/div>\n\t\t<div class=\"elementor-element elementor-element-244f842 e-flex e-con-boxed e-con e-parent\" data-id=\"244f842\" data-element_type=\"container\" data-e-type=\"container\">\n\t\t\t\t\t<div class=\"e-con-inner\">\n\t\t<div class=\"elementor-element elementor-element-e150c2a e-con-full e-flex e-con e-child\" data-id=\"e150c2a\" data-element_type=\"container\" data-e-type=\"container\">\n\t\t\t\t<div class=\"elementor-element elementor-element-a08664c elementor-widget elementor-widget-image\" data-id=\"a08664c\" data-element_type=\"widget\" data-e-type=\"widget\" data-widget_type=\"image.default\">\n\t\t\t\t<div class=\"elementor-widget-container\">\n\t\t\t\t\t\t\t\t\t\t\t\t\t\t\t<img decoding=\"async\" width=\"800\" height=\"450\" src=\"https:\/\/yufkawelt.de\/wp-content\/uploads\/2024\/05\/1711375853-shutterstock_2264324473-1.avif\" class=\"attachment-large size-large wp-image-497\" alt=\"\" srcset=\"https:\/\/yufkawelt.de\/wp-content\/uploads\/2024\/05\/1711375853-shutterstock_2264324473-1.avif 800w, https:\/\/yufkawelt.de\/wp-content\/uploads\/2024\/05\/1711375853-shutterstock_2264324473-1-300x169.avif 300w, https:\/\/yufkawelt.de\/wp-content\/uploads\/2024\/05\/1711375853-shutterstock_2264324473-1-768x432.avif 768w, https:\/\/yufkawelt.de\/wp-content\/uploads\/2024\/05\/1711375853-shutterstock_2264324473-1-600x338.avif 600w\" sizes=\"(max-width: 800px) 100vw, 800px\" \/>\t\t\t\t\t\t\t\t\t\t\t\t\t\t\t<\/div>\n\t\t\t\t<\/div>\n\t\t\t\t<\/div>\n\t\t<div class=\"elementor-element elementor-element-5de0fe3 e-con-full e-flex e-con e-child\" data-id=\"5de0fe3\" data-element_type=\"container\" data-e-type=\"container\">\n\t\t\t\t<div class=\"elementor-element elementor-element-ea5d962 elementor-widget elementor-widget-text-editor\" data-id=\"ea5d962\" data-element_type=\"widget\" data-e-type=\"widget\" data-widget_type=\"text-editor.default\">\n\t\t\t\t<div class=\"elementor-widget-container\">\n\t\t\t\t\t\t\t\t\t<p>Klasik \u015ferbetli kaday\u0131f\u0131n haz\u0131rlan\u0131\u015f\u0131: Kaday\u0131f\u0131 elinizle veya \u00e7atalla par\u00e7alara ay\u0131r\u0131n, eritilmi\u015f tereya\u011f\u0131 ile iyice kar\u0131\u015ft\u0131r\u0131n ve yar\u0131s\u0131n\u0131 ya\u011flanm\u0131\u015f bir f\u0131r\u0131n tepsisine e\u015fit olarak yay\u0131n. \u00dczerine iri k\u0131y\u0131lm\u0131\u015f ceviz serpin ve kalan kaday\u0131f\u0131 cevizlerin \u00fczerine yay\u0131n. \u00d6nceden \u0131s\u0131t\u0131lm\u0131\u015f f\u0131r\u0131nda 180\u00b0C'de kaday\u0131flar k\u0131zarana kadar yakla\u015f\u0131k 30 dakika pi\u015firin. Bu arada \u015ferbet i\u00e7in su, \u015feker ve yar\u0131m limon suyunu bir tencerede kaynat\u0131n ve \u015ferbet koyula\u015fana kadar k\u0131s\u0131k ate\u015fte 10 dakika pi\u015firin. So\u011fuyan \u015ferbeti s\u0131cak kaday\u0131f\u0131n \u00fczerine d\u00f6k\u00fcn ve tamamen so\u011fuyana kadar bekleyin.<\/p>\t\t\t\t\t\t\t\t<\/div>\n\t\t\t\t<\/div>\n\t\t\t\t<\/div>\n\t\t<div class=\"elementor-element elementor-element-1a00775 e-con-full e-flex e-con e-child\" data-id=\"1a00775\" data-element_type=\"container\" data-e-type=\"container\">\n\t\t\t\t<div class=\"elementor-element elementor-element-eb77f63 elementor-widget elementor-widget-text-editor\" data-id=\"eb77f63\" data-element_type=\"widget\" data-e-type=\"widget\" data-widget_type=\"text-editor.default\">\n\t\t\t\t<div class=\"elementor-widget-container\">\n\t\t\t\t\t\t\t\t\t<p>Kaday\u0131fl\u0131 muhallebi haz\u0131rlan\u0131\u015f\u0131: \u00d6ncelikle kaday\u0131f\u0131 elinizle ufalay\u0131n ve eritilmi\u015f tereya\u011f\u0131 ile iyice kar\u0131\u015ft\u0131r\u0131n. Kaday\u0131f\u0131 bir tavada orta ate\u015fte hafif\u00e7e k\u0131zart\u0131n. Muhallebi i\u00e7in s\u00fct, \u015feker, ni\u015fasta, un ve vanilyay\u0131 bir tencereye koyun ve orta ate\u015fte s\u00fcrekli kar\u0131\u015ft\u0131rarak kaynat\u0131n. Muhallebi koyula\u015f\u0131nca ocaktan al\u0131n. Servis kaselerine bir kat k\u0131zarm\u0131\u015f kaday\u0131f, \u00fczerine s\u0131cak muhallebi ve son olarak da kalan kaday\u0131f\u0131 yerle\u015ftirin. Tar\u00e7\u0131n ve\/veya Antep f\u0131st\u0131\u011f\u0131 serpi\u015ftirin ve so\u011fumaya b\u0131rak\u0131n.<\/p>\t\t\t\t\t\t\t\t<\/div>\n\t\t\t\t<\/div>\n\t\t\t\t<\/div>\n\t\t<div class=\"elementor-element elementor-element-04c397e e-con-full e-flex e-con e-child\" data-id=\"04c397e\" data-element_type=\"container\" data-e-type=\"container\">\n\t\t\t\t<div class=\"elementor-element elementor-element-e4c4241 elementor-widget elementor-widget-image\" data-id=\"e4c4241\" data-element_type=\"widget\" data-e-type=\"widget\" data-widget_type=\"image.default\">\n\t\t\t\t<div class=\"elementor-widget-container\">\n\t\t\t\t\t\t\t\t\t\t\t\t\t\t\t<img decoding=\"async\" width=\"1024\" height=\"682\" src=\"https:\/\/yufkawelt.de\/wp-content\/uploads\/2024\/05\/kremasiz-kadayifli-muhallebi-yemekcom-1024x682.webp\" class=\"attachment-large size-large wp-image-498\" alt=\"\" srcset=\"https:\/\/yufkawelt.de\/wp-content\/uploads\/2024\/05\/kremasiz-kadayifli-muhallebi-yemekcom-1024x682.webp 1024w, https:\/\/yufkawelt.de\/wp-content\/uploads\/2024\/05\/kremasiz-kadayifli-muhallebi-yemekcom-300x200.webp 300w, https:\/\/yufkawelt.de\/wp-content\/uploads\/2024\/05\/kremasiz-kadayifli-muhallebi-yemekcom-768x512.webp 768w, https:\/\/yufkawelt.de\/wp-content\/uploads\/2024\/05\/kremasiz-kadayifli-muhallebi-yemekcom-600x400.webp 600w, https:\/\/yufkawelt.de\/wp-content\/uploads\/2024\/05\/kremasiz-kadayifli-muhallebi-yemekcom.webp 1250w\" sizes=\"(max-width: 1024px) 100vw, 1024px\" \/>\t\t\t\t\t\t\t\t\t\t\t\t\t\t\t<\/div>\n\t\t\t\t<\/div>\n\t\t\t\t<\/div>\n\t\t\t\t\t<\/div>\n\t\t\t\t<\/div>\n\t\t<div class=\"elementor-element elementor-element-40842f2 e-flex e-con-boxed e-con e-parent\" data-id=\"40842f2\" data-element_type=\"container\" data-e-type=\"container\">\n\t\t\t\t\t<div class=\"e-con-inner\">\n\t\t\t\t<div class=\"elementor-element elementor-element-d239223 elementor-widget elementor-widget-heading\" data-id=\"d239223\" data-element_type=\"widget\" data-e-type=\"widget\" data-widget_type=\"heading.default\">\n\t\t\t\t<div class=\"elementor-widget-container\">\n\t\t\t\t\t<h2 class=\"elementor-heading-title elementor-size-default\">T\u00fcm \u00fcr\u00fcnlerimize buradan ula\u015fabilirsiniz<\/h2>\t\t\t\t<\/div>\n\t\t\t\t<\/div>\n\t\t\t\t<div class=\"elementor-element elementor-element-271cc76 elementor-align-center elementor-widget elementor-widget-button\" data-id=\"271cc76\" data-element_type=\"widget\" data-e-type=\"widget\" data-widget_type=\"button.default\">\n\t\t\t\t<div class=\"elementor-widget-container\">\n\t\t\t\t\t\t\t\t\t<div class=\"elementor-button-wrapper\">\n\t\t\t\t\t<a class=\"elementor-button elementor-button-link elementor-size-sm\" href=\"https:\/\/yufkawelt.de\/tr\/shop\/\">\n\t\t\t\t\t\t<span class=\"elementor-button-content-wrapper\">\n\t\t\t\t\t\t\t\t\t<span class=\"elementor-button-text\">Buraya t\u0131klay\u0131n<\/span>\n\t\t\t\t\t<\/span>\n\t\t\t\t\t<\/a>\n\t\t\t\t<\/div>\n\t\t\t\t\t\t\t\t<\/div>\n\t\t\t\t<\/div>\n\t\t\t\t\t<\/div>\n\t\t\t\t<\/div>\n\t\t\t\t<\/div>","protected":false},"excerpt":{"rendered":"<p>KADAYIF Kadayif ist eines der beliebtesten Desserts der t\u00fcrkischen K\u00fcche und gilt als eine der unverzichtbaren Geschmacksrichtungen f\u00fcr besondere Anl\u00e4sse. [&hellip;]<\/p>","protected":false},"author":1,"featured_media":0,"parent":0,"menu_order":0,"comment_status":"closed","ping_status":"closed","template":"","meta":{"_eb_attr":"","site-sidebar-layout":"no-sidebar","site-content-layout":"","ast-site-content-layout":"full-width-container","site-content-style":"default","site-sidebar-style":"default","ast-global-header-display":"","ast-banner-title-visibility":"","ast-main-header-display":"","ast-hfb-above-header-display":"","ast-hfb-below-header-display":"","ast-hfb-mobile-header-display":"","site-post-title":"disabled","ast-breadcrumbs-content":"","ast-featured-img":"disabled","footer-sml-layout":"","ast-disable-related-posts":"","theme-transparent-header-meta":"","adv-header-id-meta":"","stick-header-meta":"","header-above-stick-meta":"","header-main-stick-meta":"","header-below-stick-meta":"","astra-migrate-meta-layouts":"default","ast-page-background-enabled":"default","ast-page-background-meta":{"desktop":{"background-color":"var(--ast-global-color-4)","background-image":"","background-repeat":"repeat","background-position":"center center","background-size":"auto","background-attachment":"scroll","background-type":"","background-media":"","overlay-type":"","overlay-color":"","overlay-opacity":"","overlay-gradient":""},"tablet":{"background-color":"","background-image":"","background-repeat":"repeat","background-position":"center center","background-size":"auto","background-attachment":"scroll","background-type":"","background-media":"","overlay-type":"","overlay-color":"","overlay-opacity":"","overlay-gradient":""},"mobile":{"background-color":"","background-image":"","background-repeat":"repeat","background-position":"center center","background-size":"auto","background-attachment":"scroll","background-type":"","background-media":"","overlay-type":"","overlay-color":"","overlay-opacity":"","overlay-gradient":""}},"ast-content-background-meta":{"desktop":{"background-color":"var(--ast-global-color-5)","background-image":"","background-repeat":"repeat","background-position":"center center","background-size":"auto","background-attachment":"scroll","background-type":"","background-media":"","overlay-type":"","overlay-color":"","overlay-opacity":"","overlay-gradient":""},"tablet":{"background-color":"var(--ast-global-color-5)","background-image":"","background-repeat":"repeat","background-position":"center center","background-size":"auto","background-attachment":"scroll","background-type":"","background-media":"","overlay-type":"","overlay-color":"","overlay-opacity":"","overlay-gradient":""},"mobile":{"background-color":"var(--ast-global-color-5)","background-image":"","background-repeat":"repeat","background-position":"center center","background-size":"auto","background-attachment":"scroll","background-type":"","background-media":"","overlay-type":"","overlay-color":"","overlay-opacity":"","overlay-gradient":""}},"_joinchat":[],"footnotes":""},"class_list":["post-150","page","type-page","status-publish","hentry","desktop-align-left","tablet-align-left","mobile-align-left"],"jetpack_sharing_enabled":true,"_links":{"self":[{"href":"https:\/\/yufkawelt.de\/tr\/wp-json\/wp\/v2\/pages\/150","targetHints":{"allow":["GET"]}}],"collection":[{"href":"https:\/\/yufkawelt.de\/tr\/wp-json\/wp\/v2\/pages"}],"about":[{"href":"https:\/\/yufkawelt.de\/tr\/wp-json\/wp\/v2\/types\/page"}],"author":[{"embeddable":true,"href":"https:\/\/yufkawelt.de\/tr\/wp-json\/wp\/v2\/users\/1"}],"replies":[{"embeddable":true,"href":"https:\/\/yufkawelt.de\/tr\/wp-json\/wp\/v2\/comments?post=150"}],"version-history":[{"count":0,"href":"https:\/\/yufkawelt.de\/tr\/wp-json\/wp\/v2\/pages\/150\/revisions"}],"wp:attachment":[{"href":"https:\/\/yufkawelt.de\/tr\/wp-json\/wp\/v2\/media?parent=150"}],"curies":[{"name":"wp","href":"https:\/\/api.w.org\/{rel}","templated":true}]}}